{"id":30395,"date":"2022-02-10T14:41:09","date_gmt":"2022-02-10T13:41:09","guid":{"rendered":"https:\/\/serrurier-urgence-bruxelles.be\/?page_id=30395"},"modified":"2022-02-10T14:50:40","modified_gmt":"2022-02-10T13:50:40","slug":"sluitplan","status":"publish","type":"page","link":"https:\/\/serrurier-luc-debremaeker.be\/nl\/sluitplan\/","title":{"rendered":"SLUITPLAN"},"content":{"rendered":"\t\t<div data-elementor-type=\"wp-page\" data-elementor-id=\"30395\" class=\"elementor elementor-30395 elementor-29532\" data-elementor-post-type=\"page\">\n\t\t\t\t\t\t<section class=\"elementor-section elementor-top-section elementor-element elementor-element-78cd239a elementor-section-height-min-height elementor-section-boxed elementor-section-height-default elementor-section-items-middle\" data-id=\"78cd239a\" data-element_type=\"section\" data-e-type=\"section\" data-settings=\"{&quot;background_background&quot;:&quot;classic&quot;,&quot;jet_parallax_layout_list&quot;:[{&quot;jet_parallax_layout_image&quot;:{&quot;url&quot;:&quot;&quot;,&quot;id&quot;:&quot;&quot;,&quot;size&quot;:&quot;&quot;},&quot;_id&quot;:&quot;e0c5ef2&quot;,&quot;jet_parallax_layout_image_tablet&quot;:{&quot;url&quot;:&quot;&quot;,&quot;id&quot;:&quot;&quot;,&quot;size&quot;:&quot;&quot;},&quot;jet_parallax_layout_image_mobile&quot;:{&quot;url&quot;:&quot;&quot;,&quot;id&quot;:&quot;&quot;,&quot;size&quot;:&quot;&quot;},&quot;jet_parallax_layout_speed&quot;:{&quot;unit&quot;:&quot;%&quot;,&quot;size&quot;:50,&quot;sizes&quot;:[]},&quot;jet_parallax_layout_type&quot;:&quot;scroll&quot;,&quot;jet_parallax_layout_direction&quot;:null,&quot;jet_parallax_layout_fx_direction&quot;:null,&quot;jet_parallax_layout_z_index&quot;:&quot;&quot;,&quot;jet_parallax_layout_bg_x&quot;:50,&quot;jet_parallax_layout_bg_x_tablet&quot;:&quot;&quot;,&quot;jet_parallax_layout_bg_x_mobile&quot;:&quot;&quot;,&quot;jet_parallax_layout_bg_y&quot;:50,&quot;jet_parallax_layout_bg_y_tablet&quot;:&quot;&quot;,&quot;jet_parallax_layout_bg_y_mobile&quot;:&quot;&quot;,&quot;jet_parallax_layout_bg_size&quot;:&quot;auto&quot;,&quot;jet_parallax_layout_bg_size_tablet&quot;:&quot;&quot;,&quot;jet_parallax_layout_bg_size_mobile&quot;:&quot;&quot;,&quot;jet_parallax_layout_animation_prop&quot;:&quot;transform&quot;,&quot;jet_parallax_layout_on&quot;:[&quot;desktop&quot;,&quot;tablet&quot;]}]}\">\n\t\t\t\t\t\t<div class=\"elementor-container elementor-column-gap-default\">\n\t\t\t\t\t<div class=\"elementor-column elementor-col-100 elementor-top-column elementor-element elementor-element-5d29a276\" data-id=\"5d29a276\" data-element_type=\"column\" data-e-type=\"column\">\n\t\t\t<div class=\"elementor-widget-wrap elementor-element-populated\">\n\t\t\t\t\t\t<div class=\"elementor-element elementor-element-80efd91 elementor-widget elementor-widget-heading\" data-id=\"80efd91\" data-element_type=\"widget\" data-e-type=\"widget\" data-widget_type=\"heading.default\">\n\t\t\t\t<div class=\"elementor-widget-container\">\n\t\t\t\t\t<h1 class=\"elementor-heading-title elementor-size-default\">sluitplan<\/h1>\t\t\t\t<\/div>\n\t\t\t\t<\/div>\n\t\t\t\t\t<\/div>\n\t\t<\/div>\n\t\t\t\t\t<\/div>\n\t\t<\/section>\n\t\t\t\t<section class=\"elementor-section elementor-top-section elementor-element elementor-element-c29968f elementor-section-boxed elementor-section-height-default elementor-section-height-default\" data-id=\"c29968f\" data-element_type=\"section\" data-e-type=\"section\" data-settings=\"{&quot;jet_parallax_layout_list&quot;:[{&quot;jet_parallax_layout_image&quot;:{&quot;url&quot;:&quot;&quot;,&quot;id&quot;:&quot;&quot;,&quot;size&quot;:&quot;&quot;},&quot;_id&quot;:&quot;dc3ca30&quot;,&quot;jet_parallax_layout_image_tablet&quot;:{&quot;url&quot;:&quot;&quot;,&quot;id&quot;:&quot;&quot;,&quot;size&quot;:&quot;&quot;},&quot;jet_parallax_layout_image_mobile&quot;:{&quot;url&quot;:&quot;&quot;,&quot;id&quot;:&quot;&quot;,&quot;size&quot;:&quot;&quot;},&quot;jet_parallax_layout_speed&quot;:{&quot;unit&quot;:&quot;%&quot;,&quot;size&quot;:50,&quot;sizes&quot;:[]},&quot;jet_parallax_layout_type&quot;:&quot;scroll&quot;,&quot;jet_parallax_layout_direction&quot;:null,&quot;jet_parallax_layout_fx_direction&quot;:null,&quot;jet_parallax_layout_z_index&quot;:&quot;&quot;,&quot;jet_parallax_layout_bg_x&quot;:50,&quot;jet_parallax_layout_bg_x_tablet&quot;:&quot;&quot;,&quot;jet_parallax_layout_bg_x_mobile&quot;:&quot;&quot;,&quot;jet_parallax_layout_bg_y&quot;:50,&quot;jet_parallax_layout_bg_y_tablet&quot;:&quot;&quot;,&quot;jet_parallax_layout_bg_y_mobile&quot;:&quot;&quot;,&quot;jet_parallax_layout_bg_size&quot;:&quot;auto&quot;,&quot;jet_parallax_layout_bg_size_tablet&quot;:&quot;&quot;,&quot;jet_parallax_layout_bg_size_mobile&quot;:&quot;&quot;,&quot;jet_parallax_layout_animation_prop&quot;:&quot;transform&quot;,&quot;jet_parallax_layout_on&quot;:[&quot;desktop&quot;,&quot;tablet&quot;]}]}\">\n\t\t\t\t\t\t<div class=\"elementor-container elementor-column-gap-wider\">\n\t\t\t\t\t<div class=\"elementor-column elementor-col-50 elementor-top-column elementor-element elementor-element-8c3bf20\" data-id=\"8c3bf20\" data-element_type=\"column\" data-e-type=\"column\">\n\t\t\t<div class=\"elementor-widget-wrap elementor-element-populated\">\n\t\t\t\t\t\t<div class=\"elementor-element elementor-element-0942d48 elementor-widget elementor-widget-heading\" data-id=\"0942d48\" data-element_type=\"widget\" data-e-type=\"widget\" data-widget_type=\"heading.default\">\n\t\t\t\t<div class=\"elementor-widget-container\">\n\t\t\t\t\t<h2 class=\"elementor-heading-title elementor-size-default\">U hebt een gebouw met veel deuren en u vraagt zich af of u \u00e9\u00e9n sleutel kunt hebben die ze allemaal afsluit?<\/h2>\t\t\t\t<\/div>\n\t\t\t\t<\/div>\n\t\t\t\t<div class=\"elementor-element elementor-element-4befd99 elementor-widget elementor-widget-text-editor\" data-id=\"4befd99\" data-element_type=\"widget\" data-e-type=\"widget\" data-widget_type=\"text-editor.default\">\n\t\t\t\t<div class=\"elementor-widget-container\">\n\t\t\t\t\t\t\t\t\t<p>Het <strong>sluitplan<\/strong>, of <strong>sleutelorganigram<\/strong>, stelt u in staat om een \u200b\u200bhi\u00ebrarchie van sleutels te cre\u00ebren, zodat u met \u00e9\u00e9n sleutel meerdere deuren kunt openen. Elk slot kan afzonderlijk worden geopend of met \u00e9\u00e9n sleutel die een &#8220;hoofdsleutel&#8221; wordt genoemd.<\/p><p>De mogelijkheden van sluitingsplannen zijn onbeperkt en voldoen aan al uw wensen, op maat gemaakt.<\/p><p>Dit geeft u de mogelijkheid om het sluiten van uw deuren te optimaliseren, de plaatsen die moeten worden afgesloten te beveiligen en alleen toegang tot het hele gebouw te geven aan degenen die het echt nodig hebben.<\/p><p>U kunt er zelfs voor kiezen om slechts \u00e9\u00e9n verdieping of \u00e9\u00e9n vleugel van het gebouw toegang te geven met een sleutel.<\/p><p><strong>Sleutelstroomdiagrammen<\/strong> zijn ideaal voor:<\/p>\t\t\t\t\t\t\t\t<\/div>\n\t\t\t\t<\/div>\n\t\t\t\t<div class=\"elementor-element elementor-element-722f966 elementor-icon-list--layout-traditional elementor-list-item-link-full_width elementor-widget elementor-widget-icon-list\" data-id=\"722f966\" data-element_type=\"widget\" data-e-type=\"widget\" data-widget_type=\"icon-list.default\">\n\t\t\t\t<div class=\"elementor-widget-container\">\n\t\t\t\t\t\t\t<ul class=\"elementor-icon-list-items\">\n\t\t\t\t\t\t\t<li class=\"elementor-icon-list-item\">\n\t\t\t\t\t\t\t\t\t\t\t<span class=\"elementor-icon-list-icon\">\n\t\t\t\t\t\t\t<svg aria-hidden=\"true\" class=\"e-font-icon-svg e-fas-chevron-right\" viewBox=\"0 0 320 512\" xmlns=\"http:\/\/www.w3.org\/2000\/svg\"><path d=\"M285.476 272.971L91.132 467.314c-9.373 9.373-24.569 9.373-33.941 0l-22.667-22.667c-9.357-9.357-9.375-24.522-.04-33.901L188.505 256 34.484 101.255c-9.335-9.379-9.317-24.544.04-33.901l22.667-22.667c9.373-9.373 24.569-9.373 33.941 0L285.475 239.03c9.373 9.372 9.373 24.568.001 33.941z\"><\/path><\/svg>\t\t\t\t\t\t<\/span>\n\t\t\t\t\t\t\t\t\t\t<span class=\"elementor-icon-list-text\">Scholen<\/span>\n\t\t\t\t\t\t\t\t\t<\/li>\n\t\t\t\t\t\t\t\t<li class=\"elementor-icon-list-item\">\n\t\t\t\t\t\t\t\t\t\t\t<span class=\"elementor-icon-list-icon\">\n\t\t\t\t\t\t\t<svg aria-hidden=\"true\" class=\"e-font-icon-svg e-fas-chevron-right\" viewBox=\"0 0 320 512\" xmlns=\"http:\/\/www.w3.org\/2000\/svg\"><path d=\"M285.476 272.971L91.132 467.314c-9.373 9.373-24.569 9.373-33.941 0l-22.667-22.667c-9.357-9.357-9.375-24.522-.04-33.901L188.505 256 34.484 101.255c-9.335-9.379-9.317-24.544.04-33.901l22.667-22.667c9.373-9.373 24.569-9.373 33.941 0L285.475 239.03c9.373 9.372 9.373 24.568.001 33.941z\"><\/path><\/svg>\t\t\t\t\t\t<\/span>\n\t\t\t\t\t\t\t\t\t\t<span class=\"elementor-icon-list-text\">Administraties<\/span>\n\t\t\t\t\t\t\t\t\t<\/li>\n\t\t\t\t\t\t\t\t<li class=\"elementor-icon-list-item\">\n\t\t\t\t\t\t\t\t\t\t\t<span class=\"elementor-icon-list-icon\">\n\t\t\t\t\t\t\t<svg aria-hidden=\"true\" class=\"e-font-icon-svg e-fas-chevron-right\" viewBox=\"0 0 320 512\" xmlns=\"http:\/\/www.w3.org\/2000\/svg\"><path d=\"M285.476 272.971L91.132 467.314c-9.373 9.373-24.569 9.373-33.941 0l-22.667-22.667c-9.357-9.357-9.375-24.522-.04-33.901L188.505 256 34.484 101.255c-9.335-9.379-9.317-24.544.04-33.901l22.667-22.667c9.373-9.373 24.569-9.373 33.941 0L285.475 239.03c9.373 9.372 9.373 24.568.001 33.941z\"><\/path><\/svg>\t\t\t\t\t\t<\/span>\n\t\t\t\t\t\t\t\t\t\t<span class=\"elementor-icon-list-text\">Ziekenhuizen<\/span>\n\t\t\t\t\t\t\t\t\t<\/li>\n\t\t\t\t\t\t\t\t<li class=\"elementor-icon-list-item\">\n\t\t\t\t\t\t\t\t\t\t\t<span class=\"elementor-icon-list-icon\">\n\t\t\t\t\t\t\t<svg aria-hidden=\"true\" class=\"e-font-icon-svg e-fas-chevron-right\" viewBox=\"0 0 320 512\" xmlns=\"http:\/\/www.w3.org\/2000\/svg\"><path d=\"M285.476 272.971L91.132 467.314c-9.373 9.373-24.569 9.373-33.941 0l-22.667-22.667c-9.357-9.357-9.375-24.522-.04-33.901L188.505 256 34.484 101.255c-9.335-9.379-9.317-24.544.04-33.901l22.667-22.667c9.373-9.373 24.569-9.373 33.941 0L285.475 239.03c9.373 9.372 9.373 24.568.001 33.941z\"><\/path><\/svg>\t\t\t\t\t\t<\/span>\n\t\t\t\t\t\t\t\t\t\t<span class=\"elementor-icon-list-text\">Grote ondernemingen<\/span>\n\t\t\t\t\t\t\t\t\t<\/li>\n\t\t\t\t\t\t\t\t<li class=\"elementor-icon-list-item\">\n\t\t\t\t\t\t\t\t\t\t\t<span class=\"elementor-icon-list-icon\">\n\t\t\t\t\t\t\t<svg aria-hidden=\"true\" class=\"e-font-icon-svg e-fas-chevron-right\" viewBox=\"0 0 320 512\" xmlns=\"http:\/\/www.w3.org\/2000\/svg\"><path d=\"M285.476 272.971L91.132 467.314c-9.373 9.373-24.569 9.373-33.941 0l-22.667-22.667c-9.357-9.357-9.375-24.522-.04-33.901L188.505 256 34.484 101.255c-9.335-9.379-9.317-24.544.04-33.901l22.667-22.667c9.373-9.373 24.569-9.373 33.941 0L285.475 239.03c9.373 9.372 9.373 24.568.001 33.941z\"><\/path><\/svg>\t\t\t\t\t\t<\/span>\n\t\t\t\t\t\t\t\t\t\t<span class=\"elementor-icon-list-text\">Hotels<\/span>\n\t\t\t\t\t\t\t\t\t<\/li>\n\t\t\t\t\t\t<\/ul>\n\t\t\t\t\t\t<\/div>\n\t\t\t\t<\/div>\n\t\t\t\t<div class=\"elementor-element elementor-element-9c858dd elementor-widget elementor-widget-text-editor\" data-id=\"9c858dd\" data-element_type=\"widget\" data-e-type=\"widget\" data-widget_type=\"text-editor.default\">\n\t\t\t\t<div class=\"elementor-widget-container\">\n\t\t\t\t\t\t\t\t\t<p>Voor nog meer veiligheid zijn de sluitplannen compatibel met sloten met beveiligde sleutels (via een code).<\/p><p>Neem <a href=\"https:\/\/serrurier-urgence-bruxelles.be\/nl\/contact\/\">contact op met Luc<\/a> voor meer informatie over sleutelprioritering en om uw sluitplan op te stellen.<\/p><p>Ontdek ook waarom elektronische sloten ideaal voor u zijn.<\/p>\t\t\t\t\t\t\t\t<\/div>\n\t\t\t\t<\/div>\n\t\t\t\t\t<\/div>\n\t\t<\/div>\n\t\t\t\t<div class=\"elementor-column elementor-col-50 elementor-top-column elementor-element elementor-element-0d753cf\" data-id=\"0d753cf\" data-element_type=\"column\" data-e-type=\"column\" data-settings=\"{&quot;background_background&quot;:&quot;classic&quot;}\">\n\t\t\t<div class=\"elementor-widget-wrap elementor-element-populated\">\n\t\t\t\t\t\t<div class=\"elementor-element elementor-element-8853590 elementor-widget elementor-widget-image\" data-id=\"8853590\" data-element_type=\"widget\" data-e-type=\"widget\" data-widget_type=\"image.default\">\n\t\t\t\t<div class=\"elementor-widget-container\">\n\t\t\t\t\t\t\t\t\t\t\t\t\t\t\t<img loading=\"lazy\" decoding=\"async\" width=\"800\" height=\"534\" src=\"https:\/\/serrurier-luc-debremaeker.be\/wp-content\/uploads\/2021\/07\/trousseau-de-cles-serrurier.png\" class=\"attachment-large size-large wp-image-30295\" alt=\"\" srcset=\"https:\/\/serrurier-luc-debremaeker.be\/wp-content\/uploads\/2021\/07\/trousseau-de-cles-serrurier.png 1000w, https:\/\/serrurier-luc-debremaeker.be\/wp-content\/uploads\/2021\/07\/trousseau-de-cles-serrurier-300x200.png 300w, https:\/\/serrurier-luc-debremaeker.be\/wp-content\/uploads\/2021\/07\/trousseau-de-cles-serrurier-768x512.png 768w\" sizes=\"auto, (max-width: 800px) 100vw, 800px\"  alt=\"SLUITPLAN\"  loading=\"lazy\" \/>\t\t\t\t\t\t\t\t\t\t\t\t\t\t\t<\/div>\n\t\t\t\t<\/div>\n\t\t\t\t\t<\/div>\n\t\t<\/div>\n\t\t\t\t\t<\/div>\n\t\t<\/section>\n\t\t\t\t<\/div>\n\t\t","protected":false},"excerpt":{"rendered":"<p>sluitplan U hebt een gebouw met veel deuren en u vraagt zich af of u \u00e9\u00e9n sleutel kunt hebben die ze allemaal afsluit? Het sluitplan, of sleutelorganigram, stelt u in staat om een \u200b\u200bhi\u00ebrarchie van sleutels te cre\u00ebren, zodat u met \u00e9\u00e9n sleutel meerdere deuren kunt openen. Elk slot kan afzonderlijk worden geopend of met [&hellip;]<\/p>\n","protected":false},"author":5,"featured_media":0,"parent":0,"menu_order":0,"comment_status":"closed","ping_status":"closed","template":"","meta":{"footnotes":""},"class_list":["post-30395","page","type-page","status-publish","hentry"],"yoast_head":"<!-- This site is optimized with the Yoast SEO plugin v27.4 - https:\/\/yoast.com\/product\/yoast-seo-wordpress\/ -->\n<title>SLUITPLAN - LUC DEBREMAEKER SLOTENMAEKER<\/title>\n<meta name=\"description\" content=\"Het sluitplan of sleuteldiagram maakt het mogelijk een hi\u00ebrarchie van sleutels te cre\u00ebren, d.w.z. een sleutel te hebben die verschillende deuren kan openen\" \/>\n<meta name=\"robots\" content=\"index, follow, max-snippet:-1, max-image-preview:large, max-video-preview:-1\" \/>\n<link rel=\"canonical\" href=\"https:\/\/serrurier-luc-debremaeker.be\/nl\/sluitplan\/\" \/>\n<meta property=\"og:locale\" content=\"nl_NL\" \/>\n<meta property=\"og:type\" content=\"article\" \/>\n<meta property=\"og:title\" content=\"SLUITPLAN - LUC DEBREMAEKER SLOTENMAEKER\" \/>\n<meta property=\"og:description\" content=\"Het sluitplan of sleuteldiagram maakt het mogelijk een hi\u00ebrarchie van sleutels te cre\u00ebren, d.w.z. een sleutel te hebben die verschillende deuren kan openen\" \/>\n<meta property=\"og:url\" content=\"https:\/\/serrurier-luc-debremaeker.be\/nl\/sluitplan\/\" \/>\n<meta property=\"og:site_name\" content=\"Serrurier Luc Debremaeker\" \/>\n<meta property=\"article:modified_time\" content=\"2022-02-10T13:50:40+00:00\" \/>\n<meta property=\"og:image\" content=\"https:\/\/serrurier-urgence-bruxelles.be\/wp-content\/uploads\/2021\/07\/trousseau-de-cles-serrurier.png\" \/>\n<meta name=\"twitter:card\" content=\"summary_large_image\" \/>\n<meta name=\"twitter:label1\" content=\"Geschatte leestijd\" \/>\n\t<meta name=\"twitter:data1\" content=\"2 minuten\" \/>\n<script type=\"application\/ld+json\" class=\"yoast-schema-graph\">{\"@context\":\"https:\\\/\\\/schema.org\",\"@graph\":[{\"@type\":\"WebPage\",\"@id\":\"https:\\\/\\\/serrurier-luc-debremaeker.be\\\/nl\\\/sluitplan\\\/\",\"url\":\"https:\\\/\\\/serrurier-luc-debremaeker.be\\\/nl\\\/sluitplan\\\/\",\"name\":\"SLUITPLAN - LUC DEBREMAEKER SLOTENMAEKER\",\"isPartOf\":{\"@id\":\"https:\\\/\\\/serrurier-luc-debremaeker.be\\\/#website\"},\"primaryImageOfPage\":{\"@id\":\"https:\\\/\\\/serrurier-luc-debremaeker.be\\\/nl\\\/sluitplan\\\/#primaryimage\"},\"image\":{\"@id\":\"https:\\\/\\\/serrurier-luc-debremaeker.be\\\/nl\\\/sluitplan\\\/#primaryimage\"},\"thumbnailUrl\":\"https:\\\/\\\/serrurier-urgence-bruxelles.be\\\/wp-content\\\/uploads\\\/2021\\\/07\\\/trousseau-de-cles-serrurier.png\",\"datePublished\":\"2022-02-10T13:41:09+00:00\",\"dateModified\":\"2022-02-10T13:50:40+00:00\",\"description\":\"Het sluitplan of sleuteldiagram maakt het mogelijk een hi\u00ebrarchie van sleutels te cre\u00ebren, d.w.z. een sleutel te hebben die verschillende deuren kan openen\",\"breadcrumb\":{\"@id\":\"https:\\\/\\\/serrurier-luc-debremaeker.be\\\/nl\\\/sluitplan\\\/#breadcrumb\"},\"inLanguage\":\"nl-NL\",\"potentialAction\":[{\"@type\":\"ReadAction\",\"target\":[\"https:\\\/\\\/serrurier-luc-debremaeker.be\\\/nl\\\/sluitplan\\\/\"]}]},{\"@type\":\"ImageObject\",\"inLanguage\":\"nl-NL\",\"@id\":\"https:\\\/\\\/serrurier-luc-debremaeker.be\\\/nl\\\/sluitplan\\\/#primaryimage\",\"url\":\"https:\\\/\\\/serrurier-urgence-bruxelles.be\\\/wp-content\\\/uploads\\\/2021\\\/07\\\/trousseau-de-cles-serrurier.png\",\"contentUrl\":\"https:\\\/\\\/serrurier-urgence-bruxelles.be\\\/wp-content\\\/uploads\\\/2021\\\/07\\\/trousseau-de-cles-serrurier.png\"},{\"@type\":\"BreadcrumbList\",\"@id\":\"https:\\\/\\\/serrurier-luc-debremaeker.be\\\/nl\\\/sluitplan\\\/#breadcrumb\",\"itemListElement\":[{\"@type\":\"ListItem\",\"position\":1,\"name\":\"Accueil\",\"item\":\"https:\\\/\\\/serrurier-luc-debremaeker.be\\\/nl\\\/\"},{\"@type\":\"ListItem\",\"position\":2,\"name\":\"SLUITPLAN\"}]},{\"@type\":\"WebSite\",\"@id\":\"https:\\\/\\\/serrurier-luc-debremaeker.be\\\/#website\",\"url\":\"https:\\\/\\\/serrurier-luc-debremaeker.be\\\/\",\"name\":\"Serrurier Luc Debremaeker\",\"description\":\"D\u00e9pannage, serrurier en urgence\",\"publisher\":{\"@id\":\"https:\\\/\\\/serrurier-luc-debremaeker.be\\\/#organization\"},\"potentialAction\":[{\"@type\":\"SearchAction\",\"target\":{\"@type\":\"EntryPoint\",\"urlTemplate\":\"https:\\\/\\\/serrurier-luc-debremaeker.be\\\/?s={search_term_string}\"},\"query-input\":{\"@type\":\"PropertyValueSpecification\",\"valueRequired\":true,\"valueName\":\"search_term_string\"}}],\"inLanguage\":\"nl-NL\"},{\"@type\":\"Organization\",\"@id\":\"https:\\\/\\\/serrurier-luc-debremaeker.be\\\/#organization\",\"name\":\"Serrurerie Luc Debremaeker\",\"url\":\"https:\\\/\\\/serrurier-luc-debremaeker.be\\\/\",\"logo\":{\"@type\":\"ImageObject\",\"inLanguage\":\"nl-NL\",\"@id\":\"https:\\\/\\\/serrurier-luc-debremaeker.be\\\/#\\\/schema\\\/logo\\\/image\\\/\",\"url\":\"https:\\\/\\\/serrurier-urgence-bruxelles.be\\\/wp-content\\\/uploads\\\/2021\\\/08\\\/Serrurier-bruxelles-urgence.png\",\"contentUrl\":\"https:\\\/\\\/serrurier-urgence-bruxelles.be\\\/wp-content\\\/uploads\\\/2021\\\/08\\\/Serrurier-bruxelles-urgence.png\",\"width\":1195,\"height\":673,\"caption\":\"Serrurerie Luc Debremaeker\"},\"image\":{\"@id\":\"https:\\\/\\\/serrurier-luc-debremaeker.be\\\/#\\\/schema\\\/logo\\\/image\\\/\"}}]}<\/script>\n<!-- \/ Yoast SEO plugin. -->","yoast_head_json":{"title":"SLUITPLAN - LUC DEBREMAEKER SLOTENMAEKER","description":"Het sluitplan of sleuteldiagram maakt het mogelijk een hi\u00ebrarchie van sleutels te cre\u00ebren, d.w.z. een sleutel te hebben die verschillende deuren kan openen","robots":{"index":"index","follow":"follow","max-snippet":"max-snippet:-1","max-image-preview":"max-image-preview:large","max-video-preview":"max-video-preview:-1"},"canonical":"https:\/\/serrurier-luc-debremaeker.be\/nl\/sluitplan\/","og_locale":"nl_NL","og_type":"article","og_title":"SLUITPLAN - LUC DEBREMAEKER SLOTENMAEKER","og_description":"Het sluitplan of sleuteldiagram maakt het mogelijk een hi\u00ebrarchie van sleutels te cre\u00ebren, d.w.z. een sleutel te hebben die verschillende deuren kan openen","og_url":"https:\/\/serrurier-luc-debremaeker.be\/nl\/sluitplan\/","og_site_name":"Serrurier Luc Debremaeker","article_modified_time":"2022-02-10T13:50:40+00:00","og_image":[{"url":"https:\/\/serrurier-urgence-bruxelles.be\/wp-content\/uploads\/2021\/07\/trousseau-de-cles-serrurier.png","type":"","width":"","height":""}],"twitter_card":"summary_large_image","twitter_misc":{"Geschatte leestijd":"2 minuten"},"schema":{"@context":"https:\/\/schema.org","@graph":[{"@type":"WebPage","@id":"https:\/\/serrurier-luc-debremaeker.be\/nl\/sluitplan\/","url":"https:\/\/serrurier-luc-debremaeker.be\/nl\/sluitplan\/","name":"SLUITPLAN - LUC DEBREMAEKER SLOTENMAEKER","isPartOf":{"@id":"https:\/\/serrurier-luc-debremaeker.be\/#website"},"primaryImageOfPage":{"@id":"https:\/\/serrurier-luc-debremaeker.be\/nl\/sluitplan\/#primaryimage"},"image":{"@id":"https:\/\/serrurier-luc-debremaeker.be\/nl\/sluitplan\/#primaryimage"},"thumbnailUrl":"https:\/\/serrurier-urgence-bruxelles.be\/wp-content\/uploads\/2021\/07\/trousseau-de-cles-serrurier.png","datePublished":"2022-02-10T13:41:09+00:00","dateModified":"2022-02-10T13:50:40+00:00","description":"Het sluitplan of sleuteldiagram maakt het mogelijk een hi\u00ebrarchie van sleutels te cre\u00ebren, d.w.z. een sleutel te hebben die verschillende deuren kan openen","breadcrumb":{"@id":"https:\/\/serrurier-luc-debremaeker.be\/nl\/sluitplan\/#breadcrumb"},"inLanguage":"nl-NL","potentialAction":[{"@type":"ReadAction","target":["https:\/\/serrurier-luc-debremaeker.be\/nl\/sluitplan\/"]}]},{"@type":"ImageObject","inLanguage":"nl-NL","@id":"https:\/\/serrurier-luc-debremaeker.be\/nl\/sluitplan\/#primaryimage","url":"https:\/\/serrurier-urgence-bruxelles.be\/wp-content\/uploads\/2021\/07\/trousseau-de-cles-serrurier.png","contentUrl":"https:\/\/serrurier-urgence-bruxelles.be\/wp-content\/uploads\/2021\/07\/trousseau-de-cles-serrurier.png"},{"@type":"BreadcrumbList","@id":"https:\/\/serrurier-luc-debremaeker.be\/nl\/sluitplan\/#breadcrumb","itemListElement":[{"@type":"ListItem","position":1,"name":"Accueil","item":"https:\/\/serrurier-luc-debremaeker.be\/nl\/"},{"@type":"ListItem","position":2,"name":"SLUITPLAN"}]},{"@type":"WebSite","@id":"https:\/\/serrurier-luc-debremaeker.be\/#website","url":"https:\/\/serrurier-luc-debremaeker.be\/","name":"Serrurier Luc Debremaeker","description":"D\u00e9pannage, serrurier en urgence","publisher":{"@id":"https:\/\/serrurier-luc-debremaeker.be\/#organization"},"potentialAction":[{"@type":"SearchAction","target":{"@type":"EntryPoint","urlTemplate":"https:\/\/serrurier-luc-debremaeker.be\/?s={search_term_string}"},"query-input":{"@type":"PropertyValueSpecification","valueRequired":true,"valueName":"search_term_string"}}],"inLanguage":"nl-NL"},{"@type":"Organization","@id":"https:\/\/serrurier-luc-debremaeker.be\/#organization","name":"Serrurerie Luc Debremaeker","url":"https:\/\/serrurier-luc-debremaeker.be\/","logo":{"@type":"ImageObject","inLanguage":"nl-NL","@id":"https:\/\/serrurier-luc-debremaeker.be\/#\/schema\/logo\/image\/","url":"https:\/\/serrurier-urgence-bruxelles.be\/wp-content\/uploads\/2021\/08\/Serrurier-bruxelles-urgence.png","contentUrl":"https:\/\/serrurier-urgence-bruxelles.be\/wp-content\/uploads\/2021\/08\/Serrurier-bruxelles-urgence.png","width":1195,"height":673,"caption":"Serrurerie Luc Debremaeker"},"image":{"@id":"https:\/\/serrurier-luc-debremaeker.be\/#\/schema\/logo\/image\/"}}]}},"_links":{"self":[{"href":"https:\/\/serrurier-luc-debremaeker.be\/nl\/wp-json\/wp\/v2\/pages\/30395","targetHints":{"allow":["GET"]}}],"collection":[{"href":"https:\/\/serrurier-luc-debremaeker.be\/nl\/wp-json\/wp\/v2\/pages"}],"about":[{"href":"https:\/\/serrurier-luc-debremaeker.be\/nl\/wp-json\/wp\/v2\/types\/page"}],"author":[{"embeddable":true,"href":"https:\/\/serrurier-luc-debremaeker.be\/nl\/wp-json\/wp\/v2\/users\/5"}],"replies":[{"embeddable":true,"href":"https:\/\/serrurier-luc-debremaeker.be\/nl\/wp-json\/wp\/v2\/comments?post=30395"}],"version-history":[{"count":8,"href":"https:\/\/serrurier-luc-debremaeker.be\/nl\/wp-json\/wp\/v2\/pages\/30395\/revisions"}],"predecessor-version":[{"id":30404,"href":"https:\/\/serrurier-luc-debremaeker.be\/nl\/wp-json\/wp\/v2\/pages\/30395\/revisions\/30404"}],"wp:attachment":[{"href":"https:\/\/serrurier-luc-debremaeker.be\/nl\/wp-json\/wp\/v2\/media?parent=30395"}],"curies":[{"name":"wp","href":"https:\/\/api.w.org\/{rel}","templated":true}]}}